{"id":360,"date":"2017-01-31T13:04:49","date_gmt":"2017-01-31T13:04:49","guid":{"rendered":"http:\/\/splash.stylemixthemes.com\/?page_id=360"},"modified":"2026-01-28T18:36:04","modified_gmt":"2026-01-29T04:36:04","slug":"history-of-club","status":"publish","type":"page","link":"https:\/\/tahitiunited.com\/index.php\/history-of-club\/","title":{"rendered":"Le club"},"content":{"rendered":"<div class=\"wpb-content-wrapper\"><p>[vc_row css=\u00a0\u00bb.vc_custom_1485944863191{padding-bottom: 22px !important;}\u00a0\u00bb][vc_column width=\u00a0\u00bb1\/2&Prime;][vc_column_text css=\u00a0\u00bb\u00a0\u00bb]<\/p>\n<p data-start=\"1105\" data-end=\"1308\">Fond\u00e9 autour d\u2019une passion commune pour le football, Tahiti United est un club qui rassemble joueurs, \u00e9ducateurs, b\u00e9n\u00e9voles et supporters autour d\u2019un m\u00eame objectif : faire grandir le football \u00e0 Tahiti.<\/p>\n<p data-start=\"1315\" data-end=\"1455\">Le club s\u2019engage \u00e0 promouvoir un football respectueux, comp\u00e9titif et accessible, tout en valorisant l\u2019identit\u00e9 et les valeurs polyn\u00e9siennes.<\/p>\n<p>[\/vc_column_text][\/vc_column][vc_column width=\u00a0\u00bb1\/2&Prime;][vc_column_text css=\u00a0\u00bb.vc_custom_1768681056924{margin-bottom: 30px !important;}\u00a0\u00bb]<\/p>\n<h3 data-start=\"1462\" data-end=\"1477\">Nos valeurs<\/h3>\n<p data-start=\"1478\" data-end=\"1558\"><strong data-start=\"1478\" data-end=\"1489\">Respect<\/strong><br data-start=\"1489\" data-end=\"1492\" \/>Sur le terrain, envers les adversaires, les arbitres et le public.<\/p>\n<p data-start=\"1560\" data-end=\"1638\"><strong data-start=\"1560\" data-end=\"1574\">Engagement<\/strong><br data-start=\"1574\" data-end=\"1577\" \/>Chaque joueur porte le maillot avec fiert\u00e9 et responsabilit\u00e9.<\/p>\n<p data-start=\"1640\" data-end=\"1722\"><strong data-start=\"1640\" data-end=\"1659\">Esprit d\u2019\u00e9quipe<\/strong><br data-start=\"1659\" data-end=\"1662\" \/>La r\u00e9ussite collective avant les performances individuelles.<\/p>\n<p data-start=\"1724\" data-end=\"1800\"><strong data-start=\"1724\" data-end=\"1740\">Transmission<\/strong><br data-start=\"1740\" data-end=\"1743\" \/>Former les jeunes et pr\u00e9parer l\u2019avenir du football local.<\/p>\n<p>[\/vc_column_text][\/vc_column][\/vc_row][vc_row full_width=\u00a0\u00bbstretch_row\u00a0\u00bb css=\u00a0\u00bb.vc_custom_1486011110204{padding-top: 45px !important;padding-bottom: 35px !important;background-color: #ffffff !important;}\u00a0\u00bb][vc_column][stm_slider enable_thumbnails=\u00a0\u00bbenable\u00a0\u00bb images=\u00a0\u00bb806,806,806,806&Prime;][\/vc_column][\/vc_row][vc_row full_width=\u00a0\u00bbstretch_row\u00a0\u00bb css=\u00a0\u00bb.vc_custom_1486010304484{background-color: #ededed !important;}\u00a0\u00bb][vc_column css=\u00a0\u00bb.vc_custom_1486011434162{padding-top: 27px !important;padding-bottom: 30px !important;}\u00a0\u00bb][stm_reviews_carousel title=\u00a0\u00bbFans` Testimonials\u00a0\u00bb number=\u00a0\u00bb2&Prime; review_view_style=\u00a0\u00bbreview_style_three\u00a0\u00bb][\/vc_column][\/vc_row][vc_row full_width=\u00a0\u00bbstretch_row\u00a0\u00bb css=\u00a0\u00bb.vc_custom_1488610455669{background-image: url(https:\/\/tahitiunited.com\/wp-content\/uploads\/2017\/03\/placeholder.gif?id=245) !important;}\u00a0\u00bb][vc_column css=\u00a0\u00bb.vc_custom_1485950547693{padding-top: 98px !important;padding-bottom: 113px !important;}\u00a0\u00bb][stm_carousel image_size=\u00a0\u00bbfull\u00a0\u00bb disable_controlls=\u00a0\u00bbdisable\u00a0\u00bb images=\u00a0\u00bb806,806,806,806&Prime;][\/vc_column][\/vc_row]<\/p>\n<\/div>","protected":false},"excerpt":{"rendered":"<p>[vc_row css=\u00a0\u00bb.vc_custom_1485944863191{padding-bottom: 22px !important;}\u00a0\u00bb][vc_column width=\u00a0\u00bb1\/2&Prime;][vc_column_text css=\u00a0\u00bb\u00a0\u00bb] Fond\u00e9 autour d\u2019une passion commune pour le football, Tahiti United est un club qui rassemble joueurs, \u00e9ducateurs, b\u00e9n\u00e9voles et supporters autour d\u2019un m\u00eame objectif : faire grandir le football \u00e0 Tahiti. Le club s\u2019engage \u00e0 promouvoir un football respectueux, comp\u00e9titif et accessible, tout en valorisant l\u2019identit\u00e9 et les valeurs&#8230;<\/p>\n","protected":false},"author":1,"featured_media":0,"parent":0,"menu_order":0,"comment_status":"closed","ping_status":"closed","template":"","meta":{"footnotes":""},"class_list":["post-360","page","type-page","status-publish","hentry"],"_links":{"self":[{"href":"https:\/\/tahitiunited.com\/index.php\/wp-json\/wp\/v2\/pages\/360","targetHints":{"allow":["GET"]}}],"collection":[{"href":"https:\/\/tahitiunited.com\/index.php\/wp-json\/wp\/v2\/pages"}],"about":[{"href":"https:\/\/tahitiunited.com\/index.php\/wp-json\/wp\/v2\/types\/page"}],"author":[{"embeddable":true,"href":"https:\/\/tahitiunited.com\/index.php\/wp-json\/wp\/v2\/users\/1"}],"replies":[{"embeddable":true,"href":"https:\/\/tahitiunited.com\/index.php\/wp-json\/wp\/v2\/comments?post=360"}],"version-history":[{"count":2,"href":"https:\/\/tahitiunited.com\/index.php\/wp-json\/wp\/v2\/pages\/360\/revisions"}],"predecessor-version":[{"id":1327,"href":"https:\/\/tahitiunited.com\/index.php\/wp-json\/wp\/v2\/pages\/360\/revisions\/1327"}],"wp:attachment":[{"href":"https:\/\/tahitiunited.com\/index.php\/wp-json\/wp\/v2\/media?parent=360"}],"curies":[{"name":"wp","href":"https:\/\/api.w.org\/{rel}","templated":true}]}}